{"id":2169,"date":"2025-05-31T19:51:17","date_gmt":"2025-05-31T19:51:17","guid":{"rendered":"https:\/\/apprendrelebienetre.com\/?post_type=product&#038;p=2169"},"modified":"2025-06-09T11:22:05","modified_gmt":"2025-06-09T11:22:05","slug":"debuter-son-carnet-de-reves-fichier-audio","status":"publish","type":"product","link":"https:\/\/apprendrelebienetre.com\/?product=debuter-son-carnet-de-reves-fichier-audio","title":{"rendered":"D\u00e9buter son carnet de r\u00eaves fichier audio"},"content":{"rendered":"<p>Fichier qui vous permettra de d\u00e9buter votre carnet de r\u00eaves, carnet vous qui d\u00e9voile votre connaissance de vous-m\u00eame.<\/p>\n<p>Accompagnement personnalis\u00e9, contactez-nous<\/p>\n","protected":false},"excerpt":{"rendered":"<p>Ce fichier audio vous permettra de comprendre pourquoi un carnet de r\u00eaves contribuera \u00e0 mieux vous conna\u00eetre.<\/p>\n<p>&nbsp;<\/p>\n<p>Si vous souhaitez un accompagnement personnalis\u00e9, contactez-nous.<\/p>\n","protected":false},"featured_media":2171,"comment_status":"open","ping_status":"closed","template":"","meta":[],"product_brand":[],"product_cat":[27],"product_tag":[33],"class_list":{"0":"post-2169","1":"product","2":"type-product","3":"status-publish","4":"has-post-thumbnail","6":"product_cat-fichiers-videos-et-audios","7":"product_tag-carnet-de-reves","9":"first","10":"instock","11":"downloadable","12":"virtual","13":"purchasable","14":"product-type-simple"},"_links":{"self":[{"href":"https:\/\/apprendrelebienetre.com\/index.php?rest_route=\/wp\/v2\/product\/2169","targetHints":{"allow":["GET"]}}],"collection":[{"href":"https:\/\/apprendrelebienetre.com\/index.php?rest_route=\/wp\/v2\/product"}],"about":[{"href":"https:\/\/apprendrelebienetre.com\/index.php?rest_route=\/wp\/v2\/types\/product"}],"replies":[{"embeddable":true,"href":"https:\/\/apprendrelebienetre.com\/index.php?rest_route=%2Fwp%2Fv2%2Fcomments&post=2169"}],"wp:featuredmedia":[{"embeddable":true,"href":"https:\/\/apprendrelebienetre.com\/index.php?rest_route=\/wp\/v2\/media\/2171"}],"wp:attachment":[{"href":"https:\/\/apprendrelebienetre.com\/index.php?rest_route=%2Fwp%2Fv2%2Fmedia&parent=2169"}],"wp:term":[{"taxonomy":"product_brand","embeddable":true,"href":"https:\/\/apprendrelebienetre.com\/index.php?rest_route=%2Fwp%2Fv2%2Fproduct_brand&post=2169"},{"taxonomy":"product_cat","embeddable":true,"href":"https:\/\/apprendrelebienetre.com\/index.php?rest_route=%2Fwp%2Fv2%2Fproduct_cat&post=2169"},{"taxonomy":"product_tag","embeddable":true,"href":"https:\/\/apprendrelebienetre.com\/index.php?rest_route=%2Fwp%2Fv2%2Fproduct_tag&post=2169"}],"curies":[{"name":"wp","href":"https:\/\/api.w.org\/{rel}","templated":true}]}}