{"id":2089,"date":"2025-05-23T20:59:24","date_gmt":"2025-05-23T20:59:24","guid":{"rendered":"https:\/\/apprendrelebienetre.com\/?post_type=product&#038;p=2089"},"modified":"2025-08-31T21:18:07","modified_gmt":"2025-08-31T21:18:07","slug":"video-bullet-journal-debutant","status":"publish","type":"product","link":"https:\/\/apprendrelebienetre.com\/?product=video-bullet-journal-debutant","title":{"rendered":"Vid\u00e9o Bullet journal D\u00e9butant"},"content":{"rendered":"<p>D\u00e9buter dans le bullet journal gr\u00e2ce \u00e0 cette vid\u00e9o. Commencer \u00e0 s&rsquo;organiser et \u00e0 se lib\u00e9rer<\/p>\n<p>Plusieurs types de carnets sont en vente dans la rubrique Carnets, Cahiers, etc&#8230;.<\/p>\n","protected":false},"excerpt":{"rendered":"<p>Vid\u00e9o d\u00e9butant Bullet Journal<\/p>\n","protected":false},"featured_media":2090,"comment_status":"open","ping_status":"closed","template":"","meta":[],"product_brand":[],"product_cat":[27],"product_tag":[],"class_list":{"0":"post-2089","1":"product","2":"type-product","3":"status-publish","4":"has-post-thumbnail","6":"product_cat-fichiers-videos-et-audios","8":"first","9":"instock","10":"downloadable","11":"virtual","12":"purchasable","13":"product-type-simple"},"_links":{"self":[{"href":"https:\/\/apprendrelebienetre.com\/index.php?rest_route=\/wp\/v2\/product\/2089","targetHints":{"allow":["GET"]}}],"collection":[{"href":"https:\/\/apprendrelebienetre.com\/index.php?rest_route=\/wp\/v2\/product"}],"about":[{"href":"https:\/\/apprendrelebienetre.com\/index.php?rest_route=\/wp\/v2\/types\/product"}],"replies":[{"embeddable":true,"href":"https:\/\/apprendrelebienetre.com\/index.php?rest_route=%2Fwp%2Fv2%2Fcomments&post=2089"}],"wp:featuredmedia":[{"embeddable":true,"href":"https:\/\/apprendrelebienetre.com\/index.php?rest_route=\/wp\/v2\/media\/2090"}],"wp:attachment":[{"href":"https:\/\/apprendrelebienetre.com\/index.php?rest_route=%2Fwp%2Fv2%2Fmedia&parent=2089"}],"wp:term":[{"taxonomy":"product_brand","embeddable":true,"href":"https:\/\/apprendrelebienetre.com\/index.php?rest_route=%2Fwp%2Fv2%2Fproduct_brand&post=2089"},{"taxonomy":"product_cat","embeddable":true,"href":"https:\/\/apprendrelebienetre.com\/index.php?rest_route=%2Fwp%2Fv2%2Fproduct_cat&post=2089"},{"taxonomy":"product_tag","embeddable":true,"href":"https:\/\/apprendrelebienetre.com\/index.php?rest_route=%2Fwp%2Fv2%2Fproduct_tag&post=2089"}],"curies":[{"name":"wp","href":"https:\/\/api.w.org\/{rel}","templated":true}]}}