{"id":2081,"date":"2025-05-23T14:38:16","date_gmt":"2025-05-23T14:38:16","guid":{"rendered":"https:\/\/apprendrelebienetre.com\/?post_type=product&#038;p=2081"},"modified":"2025-06-04T19:56:30","modified_gmt":"2025-06-04T19:56:30","slug":"carnet-de-notes-a5-office-chic-fleurs-liberty","status":"publish","type":"product","link":"https:\/\/apprendrelebienetre.com\/?product=carnet-de-notes-a5-office-chic-fleurs-liberty","title":{"rendered":"Carnet de notes A5 Office chic Fleurs Liberty"},"content":{"rendered":"<p>Le Carnet de Notes A5 Office Chic &#8211; Fleurs Liberty Incarne la parfaite combinaison entre originalit\u00e9 et fonctionnalit\u00e9 pratique. Avec son format A5 il est facilement glissable dans un sac. Choix \u00e9coresponsable pour une consommation respectueuse de l&rsquo;environnement.<br \/>\nD\u00e9tails du produit :<br \/>\n* Carnet de Notes A5 Office Chic<br \/>\n* Mati\u00e8re : 100% Papier certifi\u00e9 FSC<br \/>\n* 160 pages<br \/>\n* Grammage : 100 g\/m2<br \/>\n* Lign\u00e9s<br \/>\n* Format A5<br \/>\n* Couverture effet soft touch<br \/>\n* Un ruban en satin<br \/>\n* Dimensions : 15 x 21 cm<\/p>\n","protected":false},"excerpt":{"rendered":"<p>Carnet de notes A5 Office chic Fleurs Liberty<\/p>\n","protected":false},"featured_media":2082,"comment_status":"open","ping_status":"closed","template":"","meta":[],"product_brand":[],"product_cat":[24],"product_tag":[],"class_list":{"0":"post-2081","1":"product","2":"type-product","3":"status-publish","4":"has-post-thumbnail","6":"product_cat-carnets-cahiers","8":"first","9":"instock","10":"shipping-taxable","11":"purchasable","12":"product-type-simple"},"_links":{"self":[{"href":"https:\/\/apprendrelebienetre.com\/index.php?rest_route=\/wp\/v2\/product\/2081","targetHints":{"allow":["GET"]}}],"collection":[{"href":"https:\/\/apprendrelebienetre.com\/index.php?rest_route=\/wp\/v2\/product"}],"about":[{"href":"https:\/\/apprendrelebienetre.com\/index.php?rest_route=\/wp\/v2\/types\/product"}],"replies":[{"embeddable":true,"href":"https:\/\/apprendrelebienetre.com\/index.php?rest_route=%2Fwp%2Fv2%2Fcomments&post=2081"}],"wp:featuredmedia":[{"embeddable":true,"href":"https:\/\/apprendrelebienetre.com\/index.php?rest_route=\/wp\/v2\/media\/2082"}],"wp:attachment":[{"href":"https:\/\/apprendrelebienetre.com\/index.php?rest_route=%2Fwp%2Fv2%2Fmedia&parent=2081"}],"wp:term":[{"taxonomy":"product_brand","embeddable":true,"href":"https:\/\/apprendrelebienetre.com\/index.php?rest_route=%2Fwp%2Fv2%2Fproduct_brand&post=2081"},{"taxonomy":"product_cat","embeddable":true,"href":"https:\/\/apprendrelebienetre.com\/index.php?rest_route=%2Fwp%2Fv2%2Fproduct_cat&post=2081"},{"taxonomy":"product_tag","embeddable":true,"href":"https:\/\/apprendrelebienetre.com\/index.php?rest_route=%2Fwp%2Fv2%2Fproduct_tag&post=2081"}],"curies":[{"name":"wp","href":"https:\/\/api.w.org\/{rel}","templated":true}]}}