{"id":2061,"date":"2025-05-23T13:52:22","date_gmt":"2025-05-23T13:52:22","guid":{"rendered":"https:\/\/apprendrelebienetre.com\/?post_type=product&#038;p=2061"},"modified":"2025-09-19T08:09:24","modified_gmt":"2025-09-19T08:09:24","slug":"cahier-a5-un-peu-de-temps-sans-se-presser","status":"publish","type":"product","link":"https:\/\/apprendrelebienetre.com\/?product=cahier-a5-un-peu-de-temps-sans-se-presser","title":{"rendered":"Cahier A5 \u00ab\u00a0Du temps \u00e0 partager sans se presser\u00a0\u00bb"},"content":{"rendered":"<p>Cahier\u00a0A5 avec \u00e9lastique<br \/>\n60 pages lign\u00e9es<br \/>\nTexte message imprim\u00e9 en or \u00e0 chaud sur la couverture<br \/>\nPapier certifi\u00e9 FSC\u00ae qui provient de for\u00eats g\u00e9r\u00e9es de mani\u00e8re responsable et de mat\u00e9riaux contr\u00f4l\u00e9s<\/p>\n<p>14.5 x 21 cms<\/p>\n<p>Fabrication Chine<\/p>\n","protected":false},"excerpt":{"rendered":"<p>Cahier A5 \u00ab\u00a0Un peu de temps sans se presser\u00a0\u00bb<\/p>\n","protected":false},"featured_media":2062,"comment_status":"open","ping_status":"closed","template":"","meta":[],"product_brand":[],"product_cat":[24],"product_tag":[],"class_list":{"0":"post-2061","1":"product","2":"type-product","3":"status-publish","4":"has-post-thumbnail","6":"product_cat-carnets-cahiers","8":"first","9":"instock","10":"shipping-taxable","11":"purchasable","12":"product-type-simple"},"_links":{"self":[{"href":"https:\/\/apprendrelebienetre.com\/index.php?rest_route=\/wp\/v2\/product\/2061","targetHints":{"allow":["GET"]}}],"collection":[{"href":"https:\/\/apprendrelebienetre.com\/index.php?rest_route=\/wp\/v2\/product"}],"about":[{"href":"https:\/\/apprendrelebienetre.com\/index.php?rest_route=\/wp\/v2\/types\/product"}],"replies":[{"embeddable":true,"href":"https:\/\/apprendrelebienetre.com\/index.php?rest_route=%2Fwp%2Fv2%2Fcomments&post=2061"}],"wp:featuredmedia":[{"embeddable":true,"href":"https:\/\/apprendrelebienetre.com\/index.php?rest_route=\/wp\/v2\/media\/2062"}],"wp:attachment":[{"href":"https:\/\/apprendrelebienetre.com\/index.php?rest_route=%2Fwp%2Fv2%2Fmedia&parent=2061"}],"wp:term":[{"taxonomy":"product_brand","embeddable":true,"href":"https:\/\/apprendrelebienetre.com\/index.php?rest_route=%2Fwp%2Fv2%2Fproduct_brand&post=2061"},{"taxonomy":"product_cat","embeddable":true,"href":"https:\/\/apprendrelebienetre.com\/index.php?rest_route=%2Fwp%2Fv2%2Fproduct_cat&post=2061"},{"taxonomy":"product_tag","embeddable":true,"href":"https:\/\/apprendrelebienetre.com\/index.php?rest_route=%2Fwp%2Fv2%2Fproduct_tag&post=2061"}],"curies":[{"name":"wp","href":"https:\/\/api.w.org\/{rel}","templated":true}]}}