{"id":1919,"date":"2025-05-05T19:10:41","date_gmt":"2025-05-05T19:10:41","guid":{"rendered":"https:\/\/apprendrelebienetre.com\/?post_type=product&#038;p=1919"},"modified":"2025-07-30T14:36:55","modified_gmt":"2025-07-30T14:36:55","slug":"carnet-a-points-craft","status":"publish","type":"product","link":"https:\/\/apprendrelebienetre.com\/?product=carnet-a-points-craft","title":{"rendered":"Carnet \u00e0 points \u00ab\u00a0craft\u00a0\u00bb"},"content":{"rendered":"<p>Carnet A5, pages pointill\u00e9es pour le bullet journal permettant le tra\u00e7age facile, \u00e0 main lev\u00e9e, les croquis, l&rsquo;\u00e9criture, la personnalisation des pages.<\/p>\n<p>&nbsp;<\/p>\n<p>Vid\u00e9o pour d\u00e9buter en Bullet Journal dans notre rubrique \u00ab\u00a0Fichiers Vid\u00e9os et Audios\u00a0\u00bb<\/p>\n<p>&nbsp;<\/p>\n<p>Fabrication : Chine<\/p>\n","protected":false},"excerpt":{"rendered":"<p>Carnet \u00e0 pages pointill\u00e9es pour Bullet Journal<\/p>\n","protected":false},"featured_media":1920,"comment_status":"open","ping_status":"closed","template":"","meta":[],"product_brand":[],"product_cat":[24],"product_tag":[],"class_list":{"0":"post-1919","1":"product","2":"type-product","3":"status-publish","4":"has-post-thumbnail","6":"product_cat-carnets-cahiers","8":"first","9":"instock","10":"shipping-taxable","11":"purchasable","12":"product-type-simple"},"_links":{"self":[{"href":"https:\/\/apprendrelebienetre.com\/index.php?rest_route=\/wp\/v2\/product\/1919","targetHints":{"allow":["GET"]}}],"collection":[{"href":"https:\/\/apprendrelebienetre.com\/index.php?rest_route=\/wp\/v2\/product"}],"about":[{"href":"https:\/\/apprendrelebienetre.com\/index.php?rest_route=\/wp\/v2\/types\/product"}],"replies":[{"embeddable":true,"href":"https:\/\/apprendrelebienetre.com\/index.php?rest_route=%2Fwp%2Fv2%2Fcomments&post=1919"}],"wp:featuredmedia":[{"embeddable":true,"href":"https:\/\/apprendrelebienetre.com\/index.php?rest_route=\/wp\/v2\/media\/1920"}],"wp:attachment":[{"href":"https:\/\/apprendrelebienetre.com\/index.php?rest_route=%2Fwp%2Fv2%2Fmedia&parent=1919"}],"wp:term":[{"taxonomy":"product_brand","embeddable":true,"href":"https:\/\/apprendrelebienetre.com\/index.php?rest_route=%2Fwp%2Fv2%2Fproduct_brand&post=1919"},{"taxonomy":"product_cat","embeddable":true,"href":"https:\/\/apprendrelebienetre.com\/index.php?rest_route=%2Fwp%2Fv2%2Fproduct_cat&post=1919"},{"taxonomy":"product_tag","embeddable":true,"href":"https:\/\/apprendrelebienetre.com\/index.php?rest_route=%2Fwp%2Fv2%2Fproduct_tag&post=1919"}],"curies":[{"name":"wp","href":"https:\/\/api.w.org\/{rel}","templated":true}]}}