{"id":1891,"date":"2025-05-04T18:26:49","date_gmt":"2025-05-04T18:26:49","guid":{"rendered":"https:\/\/apprendrelebienetre.com\/?post_type=product&#038;p=1891"},"modified":"2025-08-12T21:08:20","modified_gmt":"2025-08-12T21:08:20","slug":"cahier-a5-clairefontaine-64-pages","status":"publish","type":"product","link":"https:\/\/apprendrelebienetre.com\/?product=cahier-a5-clairefontaine-64-pages","title":{"rendered":"Cahier A5 Clairefontaine cousu fil 64 pages"},"content":{"rendered":"<h2>Cahier A5 Clairefontaine cousu fil douceur d&rsquo;\u00e9criture. Imprim\u00e9 al\u00e9atoire. 64 pages lign\u00e9es<\/h2>\n<p>&nbsp;<\/p>\n<pre>Fabrication : Maroc<\/pre>\n","protected":false},"excerpt":{"rendered":"<p>Cahier A5 Clairefontaine douceur d&rsquo;\u00e9criture. Imprim\u00e9 al\u00e9atoire. 64 pages lign\u00e9es<\/p>\n","protected":false},"featured_media":1912,"comment_status":"open","ping_status":"closed","template":"","meta":[],"product_brand":[],"product_cat":[24],"product_tag":[],"class_list":{"0":"post-1891","1":"product","2":"type-product","3":"status-publish","4":"has-post-thumbnail","6":"product_cat-carnets-cahiers","8":"first","9":"instock","10":"shipping-taxable","11":"purchasable","12":"product-type-simple"},"_links":{"self":[{"href":"https:\/\/apprendrelebienetre.com\/index.php?rest_route=\/wp\/v2\/product\/1891","targetHints":{"allow":["GET"]}}],"collection":[{"href":"https:\/\/apprendrelebienetre.com\/index.php?rest_route=\/wp\/v2\/product"}],"about":[{"href":"https:\/\/apprendrelebienetre.com\/index.php?rest_route=\/wp\/v2\/types\/product"}],"replies":[{"embeddable":true,"href":"https:\/\/apprendrelebienetre.com\/index.php?rest_route=%2Fwp%2Fv2%2Fcomments&post=1891"}],"wp:featuredmedia":[{"embeddable":true,"href":"https:\/\/apprendrelebienetre.com\/index.php?rest_route=\/wp\/v2\/media\/1912"}],"wp:attachment":[{"href":"https:\/\/apprendrelebienetre.com\/index.php?rest_route=%2Fwp%2Fv2%2Fmedia&parent=1891"}],"wp:term":[{"taxonomy":"product_brand","embeddable":true,"href":"https:\/\/apprendrelebienetre.com\/index.php?rest_route=%2Fwp%2Fv2%2Fproduct_brand&post=1891"},{"taxonomy":"product_cat","embeddable":true,"href":"https:\/\/apprendrelebienetre.com\/index.php?rest_route=%2Fwp%2Fv2%2Fproduct_cat&post=1891"},{"taxonomy":"product_tag","embeddable":true,"href":"https:\/\/apprendrelebienetre.com\/index.php?rest_route=%2Fwp%2Fv2%2Fproduct_tag&post=1891"}],"curies":[{"name":"wp","href":"https:\/\/api.w.org\/{rel}","templated":true}]}}