{"id":1886,"date":"2025-05-04T16:57:09","date_gmt":"2025-05-04T16:57:09","guid":{"rendered":"https:\/\/apprendrelebienetre.com\/?post_type=product&#038;p=1886"},"modified":"2025-05-04T16:57:09","modified_gmt":"2025-05-04T16:57:09","slug":"pochette-5-signo-pailletes-1mm","status":"publish","type":"product","link":"https:\/\/apprendrelebienetre.com\/?product=pochette-5-signo-pailletes-1mm","title":{"rendered":"Pochette 5 Signo Paillet\u00e9s 1mm"},"content":{"rendered":"<p>Pochette de 5 Signo de marque UNI-BALL encre liquide paillet\u00e9e, 1 mm, couleurs couvrantes et lumineuses, vert, violet, rose, argent et dor\u00e9.<\/p>\n<p>Id\u00e9al sur papier fonc\u00e9 et pour tout dessin, scrapbooking, etc&#8230;&#8230;<\/p>\n","protected":false},"excerpt":{"rendered":"<p>Pochette de 5 Signo de marque UNI-BALL encre liquide paillet\u00e9e, 1 mm<\/p>\n","protected":false},"featured_media":1887,"comment_status":"open","ping_status":"closed","template":"","meta":[],"product_brand":[],"product_cat":[25],"product_tag":[],"class_list":{"0":"post-1886","1":"product","2":"type-product","3":"status-publish","4":"has-post-thumbnail","6":"product_cat-crayons-feutres-et-stylos","8":"first","9":"instock","10":"shipping-taxable","11":"purchasable","12":"product-type-simple"},"_links":{"self":[{"href":"https:\/\/apprendrelebienetre.com\/index.php?rest_route=\/wp\/v2\/product\/1886","targetHints":{"allow":["GET"]}}],"collection":[{"href":"https:\/\/apprendrelebienetre.com\/index.php?rest_route=\/wp\/v2\/product"}],"about":[{"href":"https:\/\/apprendrelebienetre.com\/index.php?rest_route=\/wp\/v2\/types\/product"}],"replies":[{"embeddable":true,"href":"https:\/\/apprendrelebienetre.com\/index.php?rest_route=%2Fwp%2Fv2%2Fcomments&post=1886"}],"wp:featuredmedia":[{"embeddable":true,"href":"https:\/\/apprendrelebienetre.com\/index.php?rest_route=\/wp\/v2\/media\/1887"}],"wp:attachment":[{"href":"https:\/\/apprendrelebienetre.com\/index.php?rest_route=%2Fwp%2Fv2%2Fmedia&parent=1886"}],"wp:term":[{"taxonomy":"product_brand","embeddable":true,"href":"https:\/\/apprendrelebienetre.com\/index.php?rest_route=%2Fwp%2Fv2%2Fproduct_brand&post=1886"},{"taxonomy":"product_cat","embeddable":true,"href":"https:\/\/apprendrelebienetre.com\/index.php?rest_route=%2Fwp%2Fv2%2Fproduct_cat&post=1886"},{"taxonomy":"product_tag","embeddable":true,"href":"https:\/\/apprendrelebienetre.com\/index.php?rest_route=%2Fwp%2Fv2%2Fproduct_tag&post=1886"}],"curies":[{"name":"wp","href":"https:\/\/api.w.org\/{rel}","templated":true}]}}