{"id":1594,"date":"2025-04-13T09:54:44","date_gmt":"2025-04-13T09:54:44","guid":{"rendered":"https:\/\/apprendrelebienetre.com\/?post_type=product&#038;p=1594"},"modified":"2025-05-21T12:02:57","modified_gmt":"2025-05-21T12:02:57","slug":"carnet-a5-flamant-rose","status":"publish","type":"product","link":"https:\/\/apprendrelebienetre.com\/?product=carnet-a5-flamant-rose","title":{"rendered":"Carnet A5 Flamant Rose"},"content":{"rendered":"<p>Carnet format A5 avec \u00e9lastique , pages avec pointill\u00e9s pour carnet de note, art journal, bullet Journal . Cr\u00e9er son Bullet Journal, s&rsquo;organiser et planifier. Gr\u00e2ce \u00e0 ses pages vierges pointill\u00e9es vous pouvez tracer, \u00e9crire et cadrer facilement. Toucher simili cuir, motif en relief<\/p>\n<p>Nous pouvons vous proposer un accompagnement pour d\u00e9buter un Bullet Journal, d\u00e9finir votre objectif ou votre Art Journal. Voir description dans notre boutique.<\/p>\n<p>Couleur : rose<\/p>\n<p>Fabrication Chine<\/p>\n","protected":false},"excerpt":{"rendered":"<p>Carnet format A5, pages de pointill\u00e9s pour bullet Journal et Art Journal<\/p>\n<p>Flamant rose<\/p>\n","protected":false},"featured_media":1692,"comment_status":"open","ping_status":"closed","template":"","meta":[],"product_brand":[],"product_cat":[24],"product_tag":[],"class_list":{"0":"post-1594","1":"product","2":"type-product","3":"status-publish","4":"has-post-thumbnail","6":"product_cat-carnets-cahiers","8":"first","9":"instock","10":"shipping-taxable","11":"purchasable","12":"product-type-simple"},"_links":{"self":[{"href":"https:\/\/apprendrelebienetre.com\/index.php?rest_route=\/wp\/v2\/product\/1594","targetHints":{"allow":["GET"]}}],"collection":[{"href":"https:\/\/apprendrelebienetre.com\/index.php?rest_route=\/wp\/v2\/product"}],"about":[{"href":"https:\/\/apprendrelebienetre.com\/index.php?rest_route=\/wp\/v2\/types\/product"}],"replies":[{"embeddable":true,"href":"https:\/\/apprendrelebienetre.com\/index.php?rest_route=%2Fwp%2Fv2%2Fcomments&post=1594"}],"wp:featuredmedia":[{"embeddable":true,"href":"https:\/\/apprendrelebienetre.com\/index.php?rest_route=\/wp\/v2\/media\/1692"}],"wp:attachment":[{"href":"https:\/\/apprendrelebienetre.com\/index.php?rest_route=%2Fwp%2Fv2%2Fmedia&parent=1594"}],"wp:term":[{"taxonomy":"product_brand","embeddable":true,"href":"https:\/\/apprendrelebienetre.com\/index.php?rest_route=%2Fwp%2Fv2%2Fproduct_brand&post=1594"},{"taxonomy":"product_cat","embeddable":true,"href":"https:\/\/apprendrelebienetre.com\/index.php?rest_route=%2Fwp%2Fv2%2Fproduct_cat&post=1594"},{"taxonomy":"product_tag","embeddable":true,"href":"https:\/\/apprendrelebienetre.com\/index.php?rest_route=%2Fwp%2Fv2%2Fproduct_tag&post=1594"}],"curies":[{"name":"wp","href":"https:\/\/api.w.org\/{rel}","templated":true}]}}