{"id":1039,"date":"2021-12-21T20:12:56","date_gmt":"2021-12-21T20:12:56","guid":{"rendered":"https:\/\/startersites.io\/elementor\/homi\/?page_id=1039"},"modified":"2025-05-29T17:01:38","modified_gmt":"2025-05-29T17:01:38","slug":"a-propos","status":"publish","type":"page","link":"https:\/\/apprendrelebienetre.com\/?page_id=1039","title":{"rendered":"A propos"},"content":{"rendered":"\t\t<div data-elementor-type=\"wp-page\" data-elementor-id=\"1039\" class=\"elementor elementor-1039\">\n\t\t\t\t\t\t<section class=\"elementor-section elementor-top-section elementor-element elementor-element-5020ae7 ct-section-stretched elementor-section-height-min-height elementor-section-boxed elementor-section-height-default elementor-section-items-middle\" data-id=\"5020ae7\" data-element_type=\"section\" data-e-type=\"section\" data-settings=\"{&quot;background_background&quot;:&quot;classic&quot;}\">\n\t\t\t\t\t\t<div class=\"elementor-container elementor-column-gap-default\">\n\t\t\t\t\t<div class=\"elementor-column elementor-col-100 elementor-top-column elementor-element elementor-element-36276f8\" data-id=\"36276f8\" data-element_type=\"column\" data-e-type=\"column\">\n\t\t\t<div class=\"elementor-widget-wrap elementor-element-populated\">\n\t\t\t\t\t\t<div class=\"elementor-element elementor-element-f2a15d8 elementor-widget elementor-widget-heading\" data-id=\"f2a15d8\" data-element_type=\"widget\" data-e-type=\"widget\" data-widget_type=\"heading.default\">\n\t\t\t\t<div class=\"elementor-widget-container\">\n\t\t\t\t\t<h2 class=\"elementor-heading-title elementor-size-default\">Pourquoi \"Apprendre le Bien-\u00eatre\"<\/h2>\t\t\t\t<\/div>\n\t\t\t\t<\/div>\n\t\t\t\t\t<\/div>\n\t\t<\/div>\n\t\t\t\t\t<\/div>\n\t\t<\/section>\n\t\t\t\t<section class=\"elementor-section elementor-top-section elementor-element elementor-element-f1fb84e elementor-section-boxed elementor-section-height-default elementor-section-height-default\" data-id=\"f1fb84e\" data-element_type=\"section\" data-e-type=\"section\">\n\t\t\t\t\t\t<div class=\"elementor-container elementor-column-gap-default\">\n\t\t\t\t\t<div class=\"elementor-column elementor-col-100 elementor-top-column elementor-element elementor-element-b95565c\" data-id=\"b95565c\" data-element_type=\"column\" data-e-type=\"column\">\n\t\t\t<div class=\"elementor-widget-wrap\">\n\t\t\t\t\t\t\t<\/div>\n\t\t<\/div>\n\t\t\t\t\t<\/div>\n\t\t<\/section>\n\t\t\t\t<section class=\"elementor-section elementor-top-section elementor-element elementor-element-bba6cb0 elementor-section-boxed elementor-section-height-default elementor-section-height-default\" data-id=\"bba6cb0\" data-element_type=\"section\" data-e-type=\"section\">\n\t\t\t\t\t\t<div class=\"elementor-container elementor-column-gap-extended\">\n\t\t\t\t\t<div class=\"elementor-column elementor-col-100 elementor-top-column elementor-element elementor-element-caebb6a\" data-id=\"caebb6a\" data-element_type=\"column\" data-e-type=\"column\">\n\t\t\t<div class=\"elementor-widget-wrap elementor-element-populated\">\n\t\t\t\t\t\t<div class=\"elementor-element elementor-element-78f88b4 elementor-widget elementor-widget-heading\" data-id=\"78f88b4\" data-element_type=\"widget\" data-e-type=\"widget\" data-widget_type=\"heading.default\">\n\t\t\t\t<div class=\"elementor-widget-container\">\n\t\t\t\t\t<h2 class=\"elementor-heading-title elementor-size-default\">Mon histoire<\/h2>\t\t\t\t<\/div>\n\t\t\t\t<\/div>\n\t\t\t\t<div class=\"elementor-element elementor-element-0889ed5 elementor-widget elementor-widget-spacer\" data-id=\"0889ed5\" data-element_type=\"widget\" data-e-type=\"widget\" data-widget_type=\"spacer.default\">\n\t\t\t\t<div class=\"elementor-widget-container\">\n\t\t\t\t\t\t\t<div class=\"elementor-spacer\">\n\t\t\t<div class=\"elementor-spacer-inner\"><\/div>\n\t\t<\/div>\n\t\t\t\t\t\t<\/div>\n\t\t\t\t<\/div>\n\t\t\t\t<div class=\"elementor-element elementor-element-d0d11e3 elementor-widget elementor-widget-text-editor\" data-id=\"d0d11e3\" data-element_type=\"widget\" data-e-type=\"widget\" data-widget_type=\"text-editor.default\">\n\t\t\t\t<div class=\"elementor-widget-container\">\n\t\t\t\t\t\t\t\t\t<p>Passionn\u00e9e par la cr\u00e9ation et l\u2019Art en g\u00e9n\u00e9ral depuis toujours, j\u2019ai essay\u00e9 d\u2019allier l\u2019art sous quelque forme qu\u2019il soit dans ma vie professionnelle pour l\u2019adoucir face aux angoisses et stress (bon ou mauvais). Mes activit\u00e9s professionnelles en tant que salari\u00e9, manager et chef d\u2019entreprise, dans les domaines du luxe, de l\u2019esth\u00e9tique, de l\u2019\u00e9v\u00e8nementiel, Architecture, Ressources Humaines ; \u00e9galement dipl\u00f4m\u00e9e en bijouterie, et pour finir ma formation en sophrologie, repr\u00e9sente ce que je suis aujourd\u2019hui.<\/p>\n<p>A 60 ans et forte de mon exp\u00e9rience obtenue gr\u00e2ce \u00e0 ce parcours atypique, je me rends compte que j\u2019ai d\u00fb batailler pour trouver le chemin qui me convenait le mieux. Ou en tout cas j\u2019ai tent\u00e9 d\u2019en \u00eatre parall\u00e8le et le plus proche possible.<\/p>\n<p>Avec cette maturit\u00e9, je souhaite apporter et transmettre un moyen \u00e0 chacun de trouver un apaisement ou un moyen de le trouver, de le retrouver ou m\u00eame le conserver tout simplement.<\/p>\n<p>Pourquoi ce site me direz-vous, qu\u2019elle en est la d\u00e9marche&nbsp;?<\/p>\n<p>Apporter aux autres une m\u00e9thode les aidant \u00e0 retrouver leur \u00e9quilibre, qu\u2019il soit \u00e9motionnel, au sein de votre couple ou professionnel.<\/p>\n<p>Savoir identifier ses \u00e9motions au moment o\u00f9 elles se pr\u00e9sentent est essentiel. S\u2019autoriser \u00e0 faire une pause pour soi nous am\u00e8ne \u00e0 faire de meilleurs choix ou \u00e0 prendre le recul n\u00e9cessaire face \u00e0 ces situations d\u00e9stabilisantes.<\/p>\n<p>Nous n\u2019avons pas conscience que nous sommes seuls acteurs de nos vies, et que nous ne pouvons pas que subir toutes les pressions qu\u2019elles quelles soient.<\/p>\n<h5><strong>Mon Approche<\/strong><\/h5>\n<p>Mettons le cap vers un plus bel avenir, enfin surtout celui qui nous correspond le plus.<\/p>\n<p>L\u2019expression artistique n\u2019a pas de limite et ne peut comporter aucun jugement. Rester dans une bulle d\u2019air \u00e0 l\u2019abri le temps de la cr\u00e9ation. Notre imagination permet l\u2019\u00e9vasion, les visualisations diff\u00e9rentes, s\u2019observer sous d\u2019autres angles pouvant moduler nos pens\u00e9es\u2026\u2026.<\/p>\n<p>Ce site vous proposera un blog permettant les \u00e9changes, les informations et les d\u00e9veloppements futurs.<\/p>\n<p>Des exercices de relaxation, sous forme de vid\u00e9os ou audio pouvant \u00eatre utilis\u00e9s m\u00eame dans les lieux o\u00f9 vous \u00eates entour\u00e9s. Certains d\u2019entre vous pr\u00e9f\u00e9reront les faire seul. Ils peuvent \u00eatre \u00e9galement \u00eatre fait en groupe. Ces exercices vous appuieront dans vos d\u00e9marches de l\u00e2cher-prise et rel\u00e2cher les tensions.<\/p>\n<p>Des ateliers d\u2019art journaling, une aventure sans limite gr\u00e2ce \u00e0 des collages, peintures et dessins, ou tout autre support exprimant vos ressentis \u00e9motionnels et les chasser. Quelques minutes peuvent suffire pour prendre du recul. Cette activit\u00e9 de connexion \u00e0 soi, d\u2019introspection sans en avoir vraiment conscience lib\u00e8re.<\/p>\n<p>Le but \u00e9tant de trouver \u00ab&nbsp;chacun sa vie&nbsp;\u00bb.<\/p>\n<p>Ma formation en sophrologie et la pratique de diverses activit\u00e9s manuelles me permet aujourd\u2019hui de vivre beaucoup plus zen qu\u2019autrefois.<\/p>\n<p><strong>Alors 1, 2, 3 Partez \u2026\u2026\u2026.,<\/strong><\/p>\t\t\t\t\t\t\t\t<\/div>\n\t\t\t\t<\/div>\n\t\t\t\t\t<\/div>\n\t\t<\/div>\n\t\t\t\t\t<\/div>\n\t\t<\/section>\n\t\t\t\t<section class=\"elementor-section elementor-top-section elementor-element elementor-element-7e10026 elementor-section-boxed elementor-section-height-default elementor-section-height-default\" data-id=\"7e10026\" data-element_type=\"section\" data-e-type=\"section\">\n\t\t\t\t\t\t<div class=\"elementor-container elementor-column-gap-default\">\n\t\t\t\t\t<div class=\"elementor-column elementor-col-100 elementor-top-column elementor-element elementor-element-29a05d9\" data-id=\"29a05d9\" data-element_type=\"column\" data-e-type=\"column\">\n\t\t\t<div class=\"elementor-widget-wrap\">\n\t\t\t\t\t\t\t<\/div>\n\t\t<\/div>\n\t\t\t\t\t<\/div>\n\t\t<\/section>\n\t\t\t\t<section class=\"elementor-section elementor-top-section elementor-element elementor-element-ac5baa3 elementor-section-boxed elementor-section-height-default elementor-section-height-default\" data-id=\"ac5baa3\" data-element_type=\"section\" data-e-type=\"section\">\n\t\t\t\t\t\t<div class=\"elementor-container elementor-column-gap-default\">\n\t\t\t\t\t<div class=\"elementor-column elementor-col-100 elementor-top-column elementor-element elementor-element-787ef16\" data-id=\"787ef16\" data-element_type=\"column\" data-e-type=\"column\">\n\t\t\t<div class=\"elementor-widget-wrap elementor-element-populated\">\n\t\t\t\t\t\t<div class=\"elementor-element elementor-element-d87fa50 elementor-widget elementor-widget-heading\" data-id=\"d87fa50\" data-element_type=\"widget\" data-e-type=\"widget\" data-widget_type=\"heading.default\">\n\t\t\t\t<div class=\"elementor-widget-container\">\n\t\t\t\t\t<h2 class=\"elementor-heading-title elementor-size-default\">T\u00e9moignages<\/h2>\t\t\t\t<\/div>\n\t\t\t\t<\/div>\n\t\t\t\t<div class=\"elementor-element elementor-element-4702607 elementor-widget elementor-widget-text-editor\" data-id=\"4702607\" data-element_type=\"widget\" data-e-type=\"widget\" data-widget_type=\"text-editor.default\">\n\t\t\t\t<div class=\"elementor-widget-container\">\n\t\t\t\t\t\t\t\t\t<p>Le retour de nos clients<\/p>\t\t\t\t\t\t\t\t<\/div>\n\t\t\t\t<\/div>\n\t\t\t\t\t<\/div>\n\t\t<\/div>\n\t\t\t\t\t<\/div>\n\t\t<\/section>\n\t\t\t\t<section class=\"elementor-section elementor-top-section elementor-element elementor-element-a5c7c3c elementor-section-boxed elementor-section-height-default elementor-section-height-default\" data-id=\"a5c7c3c\" data-element_type=\"section\" data-e-type=\"section\">\n\t\t\t\t\t\t<div class=\"elementor-container elementor-column-gap-default\">\n\t\t\t\t\t<div class=\"elementor-column elementor-col-33 elementor-top-column elementor-element elementor-element-1578bd3\" data-id=\"1578bd3\" data-element_type=\"column\" data-e-type=\"column\" data-settings=\"{&quot;background_background&quot;:&quot;classic&quot;}\">\n\t\t\t<div class=\"elementor-widget-wrap elementor-element-populated\">\n\t\t\t\t\t\t<div class=\"elementor-element elementor-element-5aea50b elementor-widget elementor-widget-text-editor\" data-id=\"5aea50b\" data-element_type=\"widget\" data-e-type=\"widget\" data-widget_type=\"text-editor.default\">\n\t\t\t\t<div class=\"elementor-widget-container\">\n\t\t\t\t\t\t\t\t\t<p>Prochainement<\/p>\t\t\t\t\t\t\t\t<\/div>\n\t\t\t\t<\/div>\n\t\t\t\t<div class=\"elementor-element elementor-element-7eb2bb1 elementor-widget elementor-widget-image\" data-id=\"7eb2bb1\" data-element_type=\"widget\" data-e-type=\"widget\" data-widget_type=\"image.default\">\n\t\t\t\t<div class=\"elementor-widget-container\">\n\t\t\t\t\t\t\t\t\t\t\t\t\t\t\t<img fetchpriority=\"high\" decoding=\"async\" width=\"1024\" height=\"1024\" src=\"https:\/\/apprendrelebienetre.com\/wp-content\/uploads\/2025\/05\/M0oBDuXTTmqKVHiMIbD0hA.jpg\" class=\"attachment-full size-full wp-image-1947\" alt=\"\" srcset=\"https:\/\/apprendrelebienetre.com\/wp-content\/uploads\/2025\/05\/M0oBDuXTTmqKVHiMIbD0hA.jpg 1024w, https:\/\/apprendrelebienetre.com\/wp-content\/uploads\/2025\/05\/M0oBDuXTTmqKVHiMIbD0hA-300x300.jpg 300w, https:\/\/apprendrelebienetre.com\/wp-content\/uploads\/2025\/05\/M0oBDuXTTmqKVHiMIbD0hA-150x150.jpg 150w, https:\/\/apprendrelebienetre.com\/wp-content\/uploads\/2025\/05\/M0oBDuXTTmqKVHiMIbD0hA-768x768.jpg 768w, https:\/\/apprendrelebienetre.com\/wp-content\/uploads\/2025\/05\/M0oBDuXTTmqKVHiMIbD0hA-600x600.jpg 600w, https:\/\/apprendrelebienetre.com\/wp-content\/uploads\/2025\/05\/M0oBDuXTTmqKVHiMIbD0hA-100x100.jpg 100w\" sizes=\"(max-width: 1024px) 100vw, 1024px\" \/>\t\t\t\t\t\t\t\t\t\t\t\t\t\t\t<\/div>\n\t\t\t\t<\/div>\n\t\t\t\t\t<\/div>\n\t\t<\/div>\n\t\t\t\t<div class=\"elementor-column elementor-col-33 elementor-top-column elementor-element elementor-element-8c9f410\" data-id=\"8c9f410\" data-element_type=\"column\" data-e-type=\"column\" data-settings=\"{&quot;background_background&quot;:&quot;classic&quot;}\">\n\t\t\t<div class=\"elementor-widget-wrap elementor-element-populated\">\n\t\t\t\t\t\t<div class=\"elementor-element elementor-element-af64b4c elementor-widget elementor-widget-text-editor\" data-id=\"af64b4c\" data-element_type=\"widget\" data-e-type=\"widget\" data-widget_type=\"text-editor.default\">\n\t\t\t\t<div class=\"elementor-widget-container\">\n\t\t\t\t\t\t\t\t\t<p>Prochainement<\/p>\t\t\t\t\t\t\t\t<\/div>\n\t\t\t\t<\/div>\n\t\t\t\t<div class=\"elementor-element elementor-element-70da947 elementor-widget elementor-widget-image\" data-id=\"70da947\" data-element_type=\"widget\" data-e-type=\"widget\" data-widget_type=\"image.default\">\n\t\t\t\t<div class=\"elementor-widget-container\">\n\t\t\t\t\t\t\t\t\t\t\t\t\t\t\t<img decoding=\"async\" width=\"2560\" height=\"2560\" src=\"https:\/\/apprendrelebienetre.com\/wp-content\/uploads\/2025\/04\/20250418_160845-scaled.jpg\" class=\"attachment-full size-full wp-image-1689\" alt=\"\" srcset=\"https:\/\/apprendrelebienetre.com\/wp-content\/uploads\/2025\/04\/20250418_160845-scaled.jpg 2560w, https:\/\/apprendrelebienetre.com\/wp-content\/uploads\/2025\/04\/20250418_160845-300x300.jpg 300w, https:\/\/apprendrelebienetre.com\/wp-content\/uploads\/2025\/04\/20250418_160845-1024x1024.jpg 1024w, https:\/\/apprendrelebienetre.com\/wp-content\/uploads\/2025\/04\/20250418_160845-150x150.jpg 150w, https:\/\/apprendrelebienetre.com\/wp-content\/uploads\/2025\/04\/20250418_160845-768x768.jpg 768w, https:\/\/apprendrelebienetre.com\/wp-content\/uploads\/2025\/04\/20250418_160845-1536x1536.jpg 1536w, https:\/\/apprendrelebienetre.com\/wp-content\/uploads\/2025\/04\/20250418_160845-2048x2048.jpg 2048w, https:\/\/apprendrelebienetre.com\/wp-content\/uploads\/2025\/04\/20250418_160845-600x600.jpg 600w, https:\/\/apprendrelebienetre.com\/wp-content\/uploads\/2025\/04\/20250418_160845-100x100.jpg 100w\" sizes=\"(max-width: 2560px) 100vw, 2560px\" \/>\t\t\t\t\t\t\t\t\t\t\t\t\t\t\t<\/div>\n\t\t\t\t<\/div>\n\t\t\t\t\t<\/div>\n\t\t<\/div>\n\t\t\t\t<div class=\"elementor-column elementor-col-33 elementor-top-column elementor-element elementor-element-91cdc3d\" data-id=\"91cdc3d\" data-element_type=\"column\" data-e-type=\"column\" data-settings=\"{&quot;background_background&quot;:&quot;classic&quot;}\">\n\t\t\t<div class=\"elementor-widget-wrap elementor-element-populated\">\n\t\t\t\t\t\t<div class=\"elementor-element elementor-element-49bc24d elementor-widget elementor-widget-text-editor\" data-id=\"49bc24d\" data-element_type=\"widget\" data-e-type=\"widget\" data-widget_type=\"text-editor.default\">\n\t\t\t\t<div class=\"elementor-widget-container\">\n\t\t\t\t\t\t\t\t\t<p>Prochainement<\/p>\t\t\t\t\t\t\t\t<\/div>\n\t\t\t\t<\/div>\n\t\t\t\t<div class=\"elementor-element elementor-element-aef5cc9 elementor-widget elementor-widget-image\" data-id=\"aef5cc9\" data-element_type=\"widget\" data-e-type=\"widget\" data-widget_type=\"image.default\">\n\t\t\t\t<div class=\"elementor-widget-container\">\n\t\t\t\t\t\t\t\t\t\t\t\t\t\t\t<img decoding=\"async\" width=\"1802\" height=\"2560\" src=\"https:\/\/apprendrelebienetre.com\/wp-content\/uploads\/2025\/05\/20250426_1747531-scaled.jpg\" class=\"attachment-full size-full wp-image-1917\" alt=\"\" srcset=\"https:\/\/apprendrelebienetre.com\/wp-content\/uploads\/2025\/05\/20250426_1747531-scaled.jpg 1802w, https:\/\/apprendrelebienetre.com\/wp-content\/uploads\/2025\/05\/20250426_1747531-211x300.jpg 211w, https:\/\/apprendrelebienetre.com\/wp-content\/uploads\/2025\/05\/20250426_1747531-721x1024.jpg 721w, https:\/\/apprendrelebienetre.com\/wp-content\/uploads\/2025\/05\/20250426_1747531-768x1091.jpg 768w, https:\/\/apprendrelebienetre.com\/wp-content\/uploads\/2025\/05\/20250426_1747531-1081x1536.jpg 1081w, https:\/\/apprendrelebienetre.com\/wp-content\/uploads\/2025\/05\/20250426_1747531-1441x2048.jpg 1441w, https:\/\/apprendrelebienetre.com\/wp-content\/uploads\/2025\/05\/20250426_1747531-300x426.jpg 300w, https:\/\/apprendrelebienetre.com\/wp-content\/uploads\/2025\/05\/20250426_1747531-600x852.jpg 600w\" sizes=\"(max-width: 1802px) 100vw, 1802px\" \/>\t\t\t\t\t\t\t\t\t\t\t\t\t\t\t<\/div>\n\t\t\t\t<\/div>\n\t\t\t\t\t<\/div>\n\t\t<\/div>\n\t\t\t\t\t<\/div>\n\t\t<\/section>\n\t\t\t\t<section class=\"elementor-section elementor-top-section elementor-element elementor-element-d38eb87 elementor-section-boxed elementor-section-height-default elementor-section-height-default\" data-id=\"d38eb87\" data-element_type=\"section\" data-e-type=\"section\">\n\t\t\t\t\t\t<div class=\"elementor-container elementor-column-gap-default\">\n\t\t\t\t\t<div class=\"elementor-column elementor-col-100 elementor-top-column elementor-element elementor-element-d5278f7\" data-id=\"d5278f7\" data-element_type=\"column\" data-e-type=\"column\">\n\t\t\t<div class=\"elementor-widget-wrap elementor-element-populated\">\n\t\t\t\t\t\t<div class=\"elementor-element elementor-element-5a76192 elementor-widget elementor-widget-spacer\" data-id=\"5a76192\" data-element_type=\"widget\" data-e-type=\"widget\" data-widget_type=\"spacer.default\">\n\t\t\t\t<div class=\"elementor-widget-container\">\n\t\t\t\t\t\t\t<div class=\"elementor-spacer\">\n\t\t\t<div class=\"elementor-spacer-inner\"><\/div>\n\t\t<\/div>\n\t\t\t\t\t\t<\/div>\n\t\t\t\t<\/div>\n\t\t\t\t\t<\/div>\n\t\t<\/div>\n\t\t\t\t\t<\/div>\n\t\t<\/section>\n\t\t\t\t<section class=\"elementor-section elementor-top-section elementor-element elementor-element-8bfdb97 elementor-section-boxed elementor-section-height-default elementor-section-height-default\" data-id=\"8bfdb97\" data-element_type=\"section\" data-e-type=\"section\">\n\t\t\t\t\t\t<div class=\"elementor-container elementor-column-gap-default\">\n\t\t\t\t\t<div class=\"elementor-column elementor-col-100 elementor-top-column elementor-element elementor-element-1e9d827\" data-id=\"1e9d827\" data-element_type=\"column\" data-e-type=\"column\">\n\t\t\t<div class=\"elementor-widget-wrap elementor-element-populated\">\n\t\t\t\t\t\t<div class=\"elementor-element elementor-element-17353f1 elementor-widget elementor-widget-spacer\" data-id=\"17353f1\" data-element_type=\"widget\" data-e-type=\"widget\" data-widget_type=\"spacer.default\">\n\t\t\t\t<div class=\"elementor-widget-container\">\n\t\t\t\t\t\t\t<div class=\"elementor-spacer\">\n\t\t\t<div class=\"elementor-spacer-inner\"><\/div>\n\t\t<\/div>\n\t\t\t\t\t\t<\/div>\n\t\t\t\t<\/div>\n\t\t\t\t\t<\/div>\n\t\t<\/div>\n\t\t\t\t\t<\/div>\n\t\t<\/section>\n\t\t\t\t<\/div>\n\t\t","protected":false},"excerpt":{"rendered":"<p>Pourquoi \u00ab\u00a0Apprendre le Bien-\u00eatre\u00a0\u00bb Mon histoire Passionn\u00e9e par la cr\u00e9ation et l\u2019Art en g\u00e9n\u00e9ral depuis toujours, j\u2019ai essay\u00e9 d\u2019allier l\u2019art sous quelque forme qu\u2019il soit dans ma vie professionnelle pour l\u2019adoucir face aux angoisses et stress (bon ou mauvais). Mes activit\u00e9s professionnelles en tant que salari\u00e9, manager et chef d\u2019entreprise, dans les domaines du luxe, [&hellip;]<\/p>\n","protected":false},"author":1,"featured_media":0,"parent":0,"menu_order":0,"comment_status":"closed","ping_status":"closed","template":"","meta":{"footnotes":""},"class_list":["post-1039","page","type-page","status-publish","hentry"],"blocksy_meta":{"styles_descriptor":{"styles":{"desktop":"","tablet":"","mobile":""},"google_fonts":[],"version":6}},"_links":{"self":[{"href":"https:\/\/apprendrelebienetre.com\/index.php?rest_route=\/wp\/v2\/pages\/1039","targetHints":{"allow":["GET"]}}],"collection":[{"href":"https:\/\/apprendrelebienetre.com\/index.php?rest_route=\/wp\/v2\/pages"}],"about":[{"href":"https:\/\/apprendrelebienetre.com\/index.php?rest_route=\/wp\/v2\/types\/page"}],"author":[{"embeddable":true,"href":"https:\/\/apprendrelebienetre.com\/index.php?rest_route=\/wp\/v2\/users\/1"}],"replies":[{"embeddable":true,"href":"https:\/\/apprendrelebienetre.com\/index.php?rest_route=%2Fwp%2Fv2%2Fcomments&post=1039"}],"version-history":[{"count":19,"href":"https:\/\/apprendrelebienetre.com\/index.php?rest_route=\/wp\/v2\/pages\/1039\/revisions"}],"predecessor-version":[{"id":2112,"href":"https:\/\/apprendrelebienetre.com\/index.php?rest_route=\/wp\/v2\/pages\/1039\/revisions\/2112"}],"wp:attachment":[{"href":"https:\/\/apprendrelebienetre.com\/index.php?rest_route=%2Fwp%2Fv2%2Fmedia&parent=1039"}],"curies":[{"name":"wp","href":"https:\/\/api.w.org\/{rel}","templated":true}]}}